{"id":321,"date":"2025-03-12T10:09:22","date_gmt":"2025-03-12T09:09:22","guid":{"rendered":"http:\/\/lepetitcagibi.com\/?page_id=321"},"modified":"2025-08-12T17:55:16","modified_gmt":"2025-08-12T15:55:16","slug":"lequipe-2","status":"publish","type":"page","link":"https:\/\/lepetitcagibi.com\/index.php\/lequipe-2\/","title":{"rendered":"L&rsquo;\u00e9quipe"},"content":{"rendered":"\n<h2 class=\"wp-block-heading has-white-color has-text-color has-link-color wp-elements-130b4681c1a2ca95f3472f8911a50833\">Pierre Di Prima : Com\u00e9dien<\/h2>\n\n\n\n<div class=\"wp-block-media-text is-stacked-on-mobile is-vertically-aligned-center\"><figure class=\"wp-block-media-text__media\"><img loading=\"lazy\" decoding=\"async\" width=\"815\" height=\"1024\" src=\"http:\/\/lepetitcagibi.com\/wp-content\/uploads\/2025\/03\/IMG_20240822_1918352-815x1024.jpg\" alt=\"\" class=\"wp-image-356 size-full\" srcset=\"https:\/\/lepetitcagibi.com\/wp-content\/uploads\/2025\/03\/IMG_20240822_1918352-815x1024.jpg 815w, https:\/\/lepetitcagibi.com\/wp-content\/uploads\/2025\/03\/IMG_20240822_1918352-239x300.jpg 239w, https:\/\/lepetitcagibi.com\/wp-content\/uploads\/2025\/03\/IMG_20240822_1918352-768x965.jpg 768w, https:\/\/lepetitcagibi.com\/wp-content\/uploads\/2025\/03\/IMG_20240822_1918352-1222x1536.jpg 1222w, https:\/\/lepetitcagibi.com\/wp-content\/uploads\/2025\/03\/IMG_20240822_1918352.jpg 1529w\" sizes=\"auto, (max-width: 815px) 100vw, 815px\" \/><\/figure><div class=\"wp-block-media-text__content\">\n<p class=\"has-text-align-left has-small-font-size\">Com\u00e9dien clown depuis plus de 25 ans il a cr\u00e9\u00e9 et jou\u00e9 dans de nombreux spectacles jeune public, dont le dernier Karabistouille un solo de magie clownesque et po\u00e9tique jou\u00e9 plus de 200 fois.<\/p>\n<\/div><\/div>\n\n\n\n<p class=\"has-small-font-size\" style=\"padding-top:0;padding-right:0px;padding-bottom:0;padding-left:0px\">Il intervient \u00e9galement depuis 2005 de mani\u00e8re hebdomadaire en tant que clown professionnel et formateur ( clown Chocolat ) avec l&rsquo;Association Rire aupr\u00e8s d&rsquo;enfants hospitalis\u00e9s au CHRU de Montpellier dans le cadre d&rsquo;une mission intitul\u00e9e : \u00a0\u00bb clown auxiliaire de soins \u00a0\u00bb qui consiste \u00e0 accompagner au plus pr\u00e8s les enfants du service h\u00e9mato-oncologie et de r\u00e9animation p\u00e9diatrique.<\/p>\n\n\n\n<p class=\"has-small-font-size\">Durant son parcours il a suivi plusieurs formations avec Franck DINET, Roselyne GUINET, Andr\u00e9 RIOT-SARCEY, Jean-Pierre DARGAUD, Laurence VIGNE, le BATACLOWN, et derni\u00e8rement (2021) au CNAC avec C\u00e9dric PAGA, Paola RIZZA, Ad\u00e9le NOELLE-LANGLOIS et le regrett\u00e9 Gilles DEFACQUE.<\/p>\n\n\n\n<p class=\"has-small-font-size\">Il participe depuis quelques ann\u00e9es aux trainings clowns hebdomadaires de la Cie Dor\u00e9 anim\u00e9 par Sandrine LE METAYER.<\/p>\n\n\n\n<p class=\"has-small-font-size\">Il consid\u00e8re son m\u00e9tier comme une passion, toujours en mouvement et en regardant devant afin de pouvoir ressentir au mieux ses envies et ses inspirations.<\/p>\n\n\n\n<p class=\"has-small-font-size\">Son exp\u00e9rience sur sc\u00e8ne et \u00e0 l&rsquo;h\u00f4pital lui permet de nourrir chacun de ses personnages avec beaucoup de sensibilit\u00e9 et toute l&rsquo;affection qu&rsquo;il porte au personnage du clown.<\/p>\n\n\n\n<h2 class=\"wp-block-heading has-white-color has-text-color has-link-color wp-elements-ecf64a7738bf53c652d5e9e05fc0b533\">Olivier Labiche : Com\u00e9dien et metteur en sc\u00e8ne <\/h2>\n\n\n\n<div class=\"wp-block-media-text is-stacked-on-mobile\" style=\"grid-template-columns:49% auto\"><figure class=\"wp-block-media-text__media\"><img loading=\"lazy\" decoding=\"async\" width=\"610\" height=\"787\" src=\"https:\/\/lepetitcagibi.com\/wp-content\/uploads\/2025\/04\/IMG_2813.jpg\" alt=\"\" class=\"wp-image-407 size-full\" srcset=\"https:\/\/lepetitcagibi.com\/wp-content\/uploads\/2025\/04\/IMG_2813.jpg 610w, https:\/\/lepetitcagibi.com\/wp-content\/uploads\/2025\/04\/IMG_2813-233x300.jpg 233w\" sizes=\"auto, (max-width: 610px) 100vw, 610px\" \/><\/figure><div class=\"wp-block-media-text__content\">\n<p class=\"has-small-font-size\">C&rsquo;est un \u00eatre d\u00e9cal\u00e9 de nature, il a cr\u00e9\u00e9 et a \u00e9t\u00e9 le directeur artistique pendant plus de 10 ans de Chaotik Th\u00e9\u00e2tre, explorant un univers po\u00e9tique et clownesque.<\/p>\n<\/div><\/div>\n\n\n\n<div class=\"wp-block-group is-nowrap is-layout-flex wp-container-core-group-is-layout-ad2f72ca wp-block-group-is-layout-flex\">\n<p class=\"has-small-font-size\"> Une approche que l&rsquo;on retrouve dans ses diff\u00e9rents spectacles : Le pas feutr\u00e9 de Mr Valentin, Peter Pan, pour en finir une bonne fois pour toutes avec la culture (adaptation du recueil Getting Even de Woody Allen), Ubu Roi, Premier Round, Karabistouille, Antigone dans ma t\u00eate, Monsieur Paul et la Mer.<br>Il anime des ateliers d&rsquo;\u00e9criture, de th\u00e9\u00e2tre et d&rsquo;improvisation pour jeune public et adulte.<br>Il s&rsquo;est form\u00e9 et obtenu son dipl\u00f4me d&rsquo;art th\u00e9rapeute, et a int\u00e9gr\u00e9 l&rsquo;\u00e9quipe professionnelle des clowns hospitaliers de l&rsquo;Association Rire.<\/p>\n<\/div>\n\n\n\n<h2 class=\"wp-block-heading has-white-color has-text-color has-link-color wp-elements-3ea57d8d26e9bed16ac76c789d44a3af\">Juliette Franc : Charg\u00e9e de diffusion<\/h2>\n\n\n\n<div class=\"wp-block-media-text is-stacked-on-mobile is-style-default\"><figure class=\"wp-block-media-text__media\"><img loading=\"lazy\" decoding=\"async\" width=\"551\" height=\"734\" src=\"http:\/\/lepetitcagibi.com\/wp-content\/uploads\/2025\/03\/Photo-CV.jpeg\" alt=\"\" class=\"wp-image-365 size-full\" srcset=\"https:\/\/lepetitcagibi.com\/wp-content\/uploads\/2025\/03\/Photo-CV.jpeg 551w, https:\/\/lepetitcagibi.com\/wp-content\/uploads\/2025\/03\/Photo-CV-225x300.jpeg 225w\" sizes=\"auto, (max-width: 551px) 100vw, 551px\" \/><\/figure><div class=\"wp-block-media-text__content\">\n<p class=\"has-text-align-left has-small-font-size\">Attir\u00e9e par le spectacle vivant et l&rsquo;art en g\u00e9n\u00e9ral depuis le plus jeune \u00e2ge, Juliette d\u00e9couvre les milieux culturels et s&rsquo;y implique rapidement. Elle d\u00e9veloppe une app\u00e9tence particuli\u00e8re pour la danse et le th\u00e9\u00e2tre.<\/p>\n<\/div><\/div>\n\n\n\n<p class=\"has-small-font-size\">Dipl\u00f4m\u00e9e d&rsquo;une licence en Sciences de l&rsquo;\u00e9ducation et d&rsquo;un master en M\u00e9diation culturelle et artistique, elle diversifie depuis ses exp\u00e9riences professionnelles dans diff\u00e9rents milieux culturels. Elle fait plusieurs stages en tant que charg\u00e9e de diffusion mais aussi des relations au public (th\u00e9\u00e2tre, mus\u00e9e, compagnie de th\u00e9\u00e2tre).<br>En parall\u00e8le de ce parcours, elle cr\u00e9e sa propre association de danse avec deux autres partenaires en 2023 et d\u00e9veloppe des projets en son sein.<br>En 2024, elle est recrut\u00e9e en tant qu&rsquo;animatrice territoriale pour la ville de Montpellier en Maison pour tous.<\/p>\n\n\n\n<p class=\"has-small-font-size\">En 2025 elle devient charg\u00e9e de diffusion pour la compagnie Le Petit Cagibi.<\/p>\n\n\n\n<h2 class=\"wp-block-heading has-white-color has-text-color has-link-color wp-elements-d00c85265b74395e429b0a3ab13a257c\">Fr\u00e9d\u00e9rique Dupuis : illustratrice<\/h2>\n\n\n\n<div class=\"wp-block-media-text is-stacked-on-mobile\"><figure class=\"wp-block-media-text__media\"><img loading=\"lazy\" decoding=\"async\" width=\"704\" height=\"1024\" src=\"http:\/\/lepetitcagibi.com\/wp-content\/uploads\/2025\/03\/IMG-20250318-WA0011-704x1024.jpg\" alt=\"\" class=\"wp-image-359 size-full\" srcset=\"https:\/\/lepetitcagibi.com\/wp-content\/uploads\/2025\/03\/IMG-20250318-WA0011-704x1024.jpg 704w, https:\/\/lepetitcagibi.com\/wp-content\/uploads\/2025\/03\/IMG-20250318-WA0011-206x300.jpg 206w, https:\/\/lepetitcagibi.com\/wp-content\/uploads\/2025\/03\/IMG-20250318-WA0011-768x1117.jpg 768w, https:\/\/lepetitcagibi.com\/wp-content\/uploads\/2025\/03\/IMG-20250318-WA0011.jpg 871w\" sizes=\"auto, (max-width: 704px) 100vw, 704px\" \/><\/figure><div class=\"wp-block-media-text__content\">\n<p class=\"has-small-font-size\">Elle a cr\u00e9\u00e9 le livre d&rsquo;illustration inspir\u00e9 du spectacle Karabistouille, et travaille sur la nouvelle affiche.&nbsp;<\/p>\n<\/div><\/div>\n\n\n\n<p class=\"has-small-font-size\">Peintre sp\u00e9cialis\u00e9e dans le monde de la litt\u00e9rature jeunesse et du th\u00e9\u00e2tre, elle a illustr\u00e9 des livres, des affiches, des d\u00e9cors, des fresques&#8230;<\/p>\n\n\n\n<p class=\"has-small-font-size\">Son univers graphique touche \u00e0 l&rsquo;intime et elle met le personnage au centre de ses travaux. La couleur et le trait posent la douceur et la po\u00e9sie. Elle utilise des techniques mixtes : huiles, pastels, crayons&#8230;<\/p>\n\n\n\n<p class=\"has-small-font-size\">En 2009 elle entreprend de cr\u00e9er un espace de travail pour les artistes dans le but de rompre l&rsquo;isolement susceptible de les toucher : l&rsquo;atelier \u00a0\u00bb En Traits Libres \u00a0\u00bb&nbsp; situ\u00e9 \u00e0 Montpellier.<\/p>\n\n\n\n<h2 class=\"wp-block-heading has-white-color has-text-color has-link-color wp-elements-28d6a371ace24cdd1ecda0286d906b9f\">Marie Maurent : webmaster et vid\u00e9aste<\/h2>\n\n\n\n<div class=\"wp-block-media-text is-stacked-on-mobile\"><figure class=\"wp-block-media-text__media\"><img loading=\"lazy\" decoding=\"async\" width=\"500\" height=\"500\" src=\"http:\/\/lepetitcagibi.com\/wp-content\/uploads\/2025\/04\/cassiope-clean2-1.png\" alt=\"\" class=\"wp-image-411 size-full\" srcset=\"https:\/\/lepetitcagibi.com\/wp-content\/uploads\/2025\/04\/cassiope-clean2-1.png 500w, https:\/\/lepetitcagibi.com\/wp-content\/uploads\/2025\/04\/cassiope-clean2-1-300x300.png 300w, https:\/\/lepetitcagibi.com\/wp-content\/uploads\/2025\/04\/cassiope-clean2-1-150x150.png 150w\" sizes=\"auto, (max-width: 500px) 100vw, 500px\" \/><\/figure><div class=\"wp-block-media-text__content\">\n<p class=\"has-small-font-size\">Pr\u00e9sente depuis le d\u00e9but elle a cr\u00e9\u00e9 le site internet et elle est en charge des prises de vue ainsi que des montages vid\u00e9o.<\/p>\n<\/div><\/div>\n\n\n\n<ul class=\"wp-block-social-links aligncenter is-layout-flex wp-block-social-links-is-layout-flex\"><li class=\"wp-social-link wp-social-link-facebook  wp-block-social-link\"><a href=\"https:\/\/www.facebook.com\/profile.php?id=100083492961944\" class=\"wp-block-social-link-anchor\"><svg width=\"24\" height=\"24\" viewBox=\"0 0 24 24\" version=\"1.1\" xmlns=\"http:\/\/www.w3.org\/2000\/svg\" aria-hidden=\"true\" focusable=\"false\"><path d=\"M12 2C6.5 2 2 6.5 2 12c0 5 3.7 9.1 8.4 9.9v-7H7.9V12h2.5V9.8c0-2.5 1.5-3.9 3.8-3.9 1.1 0 2.2.2 2.2.2v2.5h-1.3c-1.2 0-1.6.8-1.6 1.6V12h2.8l-.4 2.9h-2.3v7C18.3 21.1 22 17 22 12c0-5.5-4.5-10-10-10z\"><\/path><\/svg><span class=\"wp-block-social-link-label screen-reader-text\">Facebook<\/span><\/a><\/li>\n\n<li class=\"wp-social-link wp-social-link-instagram  wp-block-social-link\"><a href=\"https:\/\/www.instagram.com\/cie.lepetitcagibi\" class=\"wp-block-social-link-anchor\"><svg width=\"24\" height=\"24\" viewBox=\"0 0 24 24\" version=\"1.1\" xmlns=\"http:\/\/www.w3.org\/2000\/svg\" aria-hidden=\"true\" focusable=\"false\"><path d=\"M12,4.622c2.403,0,2.688,0.009,3.637,0.052c0.877,0.04,1.354,0.187,1.671,0.31c0.42,0.163,0.72,0.358,1.035,0.673 c0.315,0.315,0.51,0.615,0.673,1.035c0.123,0.317,0.27,0.794,0.31,1.671c0.043,0.949,0.052,1.234,0.052,3.637 s-0.009,2.688-0.052,3.637c-0.04,0.877-0.187,1.354-0.31,1.671c-0.163,0.42-0.358,0.72-0.673,1.035 c-0.315,0.315-0.615,0.51-1.035,0.673c-0.317,0.123-0.794,0.27-1.671,0.31c-0.949,0.043-1.233,0.052-3.637,0.052 s-2.688-0.009-3.637-0.052c-0.877-0.04-1.354-0.187-1.671-0.31c-0.42-0.163-0.72-0.358-1.035-0.673 c-0.315-0.315-0.51-0.615-0.673-1.035c-0.123-0.317-0.27-0.794-0.31-1.671C4.631,14.688,4.622,14.403,4.622,12 s0.009-2.688,0.052-3.637c0.04-0.877,0.187-1.354,0.31-1.671c0.163-0.42,0.358-0.72,0.673-1.035 c0.315-0.315,0.615-0.51,1.035-0.673c0.317-0.123,0.794-0.27,1.671-0.31C9.312,4.631,9.597,4.622,12,4.622 M12,3 C9.556,3,9.249,3.01,8.289,3.054C7.331,3.098,6.677,3.25,6.105,3.472C5.513,3.702,5.011,4.01,4.511,4.511 c-0.5,0.5-0.808,1.002-1.038,1.594C3.25,6.677,3.098,7.331,3.054,8.289C3.01,9.249,3,9.556,3,12c0,2.444,0.01,2.751,0.054,3.711 c0.044,0.958,0.196,1.612,0.418,2.185c0.23,0.592,0.538,1.094,1.038,1.594c0.5,0.5,1.002,0.808,1.594,1.038 c0.572,0.222,1.227,0.375,2.185,0.418C9.249,20.99,9.556,21,12,21s2.751-0.01,3.711-0.054c0.958-0.044,1.612-0.196,2.185-0.418 c0.592-0.23,1.094-0.538,1.594-1.038c0.5-0.5,0.808-1.002,1.038-1.594c0.222-0.572,0.375-1.227,0.418-2.185 C20.99,14.751,21,14.444,21,12s-0.01-2.751-0.054-3.711c-0.044-0.958-0.196-1.612-0.418-2.185c-0.23-0.592-0.538-1.094-1.038-1.594 c-0.5-0.5-1.002-0.808-1.594-1.038c-0.572-0.222-1.227-0.375-2.185-0.418C14.751,3.01,14.444,3,12,3L12,3z M12,7.378 c-2.552,0-4.622,2.069-4.622,4.622S9.448,16.622,12,16.622s4.622-2.069,4.622-4.622S14.552,7.378,12,7.378z M12,15 c-1.657,0-3-1.343-3-3s1.343-3,3-3s3,1.343,3,3S13.657,15,12,15z M16.804,6.116c-0.596,0-1.08,0.484-1.08,1.08 s0.484,1.08,1.08,1.08c0.596,0,1.08-0.484,1.08-1.08S17.401,6.116,16.804,6.116z\"><\/path><\/svg><span class=\"wp-block-social-link-label screen-reader-text\">Instagram<\/span><\/a><\/li><\/ul>\n","protected":false},"excerpt":{"rendered":"<p>Pierre Di Prima : Com\u00e9dien Com\u00e9dien clown depuis plus de 25 ans il a cr\u00e9\u00e9 et jou\u00e9 dans de nombreux spectacles jeune public, dont le dernier Karabistouille un solo de magie clownesque et po\u00e9tique jou\u00e9 plus de 200 fois. Il intervient \u00e9galement depuis 2005 de mani\u00e8re hebdomadaire en tant que clown professionnel et formateur (&hellip; <a class=\"more-link\" href=\"https:\/\/lepetitcagibi.com\/index.php\/lequipe-2\/\">Poursuivre la lecture <span class=\"screen-reader-text\">L&rsquo;\u00e9quipe<\/span><\/a><\/p>\n","protected":false},"author":1,"featured_media":0,"parent":0,"menu_order":0,"comment_status":"closed","ping_status":"closed","template":"","meta":{"footnotes":""},"class_list":["post-321","page","type-page","status-publish","hentry","entry"],"_links":{"self":[{"href":"https:\/\/lepetitcagibi.com\/index.php\/wp-json\/wp\/v2\/pages\/321","targetHints":{"allow":["GET"]}}],"collection":[{"href":"https:\/\/lepetitcagibi.com\/index.php\/wp-json\/wp\/v2\/pages"}],"about":[{"href":"https:\/\/lepetitcagibi.com\/index.php\/wp-json\/wp\/v2\/types\/page"}],"author":[{"embeddable":true,"href":"https:\/\/lepetitcagibi.com\/index.php\/wp-json\/wp\/v2\/users\/1"}],"replies":[{"embeddable":true,"href":"https:\/\/lepetitcagibi.com\/index.php\/wp-json\/wp\/v2\/comments?post=321"}],"version-history":[{"count":14,"href":"https:\/\/lepetitcagibi.com\/index.php\/wp-json\/wp\/v2\/pages\/321\/revisions"}],"predecessor-version":[{"id":447,"href":"https:\/\/lepetitcagibi.com\/index.php\/wp-json\/wp\/v2\/pages\/321\/revisions\/447"}],"wp:attachment":[{"href":"https:\/\/lepetitcagibi.com\/index.php\/wp-json\/wp\/v2\/media?parent=321"}],"curies":[{"name":"wp","href":"https:\/\/api.w.org\/{rel}","templated":true}]}}